{"id":1245,"date":"2020-02-25T19:25:39","date_gmt":"2020-02-25T19:25:39","guid":{"rendered":"https:\/\/marquedor.wpengine.com\/?page_id=1245"},"modified":"2022-07-29T07:55:22","modified_gmt":"2022-07-29T07:55:22","slug":"due-diligence","status":"publish","type":"page","link":"https:\/\/marquedor.com\/fr\/services\/due-diligence\/","title":{"rendered":"V\u00e9rifications diligentes"},"content":{"rendered":"<div data-elementor-type=\"wp-page\" data-elementor-id=\"1245\" class=\"elementor elementor-1245\">\n\t\t\t\t\t\t<div class=\"elementor-inner\">\n\t\t\t\t<div class=\"elementor-section-wrap\">\n\t\t\t\t\t\t\t\t\t<section class=\"elementor-section elementor-top-section elementor-element elementor-element-2e91a562 elementor-section-stretched elementor-section-content-bottom elementor-section-boxed elementor-section-height-default elementor-section-height-default\" data-id=\"2e91a562\" data-element_type=\"section\" id=\"top\" data-settings=\"{&quot;stretch_section&quot;:&quot;section-stretched&quot;,&quot;background_background&quot;:&quot;classic&quot;}\">\n\t\t\t\t\t\t<div class=\"elementor-container elementor-column-gap-default\">\n\t\t\t\t\t\t\t<div class=\"elementor-row\">\n\t\t\t\t\t<div class=\"elementor-column elementor-col-50 elementor-top-column elementor-element elementor-element-1f706513\" data-id=\"1f706513\" data-element_type=\"column\">\n\t\t\t<div class=\"elementor-column-wrap\">\n\t\t\t\t\t\t\t<div class=\"elementor-widget-wrap\">\n\t\t\t\t\t\t\t\t<\/div>\n\t\t\t\t\t<\/div>\n\t\t<\/div>\n\t\t\t\t<div class=\"elementor-column elementor-col-50 elementor-top-column elementor-element elementor-element-2bbfb81\" data-id=\"2bbfb81\" data-element_type=\"column\">\n\t\t\t<div class=\"elementor-column-wrap elementor-element-populated\">\n\t\t\t\t\t\t\t<div class=\"elementor-widget-wrap\">\n\t\t\t\t\t\t<div class=\"elementor-element elementor-element-ca2d508 elementor-widget elementor-widget-heading\" data-id=\"ca2d508\" data-element_type=\"widget\" data-widget_type=\"heading.default\">\n\t\t\t\t<div class=\"elementor-widget-container\">\n\t\t\t<h1 class=\"elementor-heading-title elementor-size-default\">V\u00e9rifications diligentes<\/h1>\t\t<\/div>\n\t\t\t\t<\/div>\n\t\t\t\t<div class=\"elementor-element elementor-element-4c17a95 elementor-align-right elementor-mobile-align-center elementor-widget elementor-widget-button\" data-id=\"4c17a95\" data-element_type=\"widget\" data-widget_type=\"button.default\">\n\t\t\t\t<div class=\"elementor-widget-container\">\n\t\t\t\t\t<div class=\"elementor-button-wrapper\">\n\t\t\t<a href=\"https:\/\/www.oncorp.com\/oncorphome\/pages\/index.aspx#&#038;login%20\" target=\"_blank\" class=\"elementor-button-link elementor-button elementor-size-sm\" role=\"button\">\n\t\t\t\t\t\t<span class=\"elementor-button-content-wrapper\">\n\t\t\t\t\t\t\t<span class=\"elementor-button-icon elementor-align-icon-right\">\n\t\t\t\t<i aria-hidden=\"true\" class=\"fas fa-chevron-right\"><\/i>\t\t\t<\/span>\n\t\t\t\t\t\t<span class=\"elementor-button-text\">Se connecter<\/span>\n\t\t<\/span>\n\t\t\t\t\t<\/a>\n\t\t<\/div>\n\t\t\t\t<\/div>\n\t\t\t\t<\/div>\n\t\t\t\t\t\t<\/div>\n\t\t\t\t\t<\/div>\n\t\t<\/div>\n\t\t\t\t\t\t\t\t<\/div>\n\t\t\t\t\t<\/div>\n\t\t<\/section>\n\t\t\t\t<section class=\"elementor-section elementor-top-section elementor-element elementor-element-356bcfe2 elementor-section-boxed elementor-section-height-default elementor-section-height-default\" data-id=\"356bcfe2\" data-element_type=\"section\">\n\t\t\t\t\t\t<div class=\"elementor-container elementor-column-gap-default\">\n\t\t\t\t\t\t\t<div class=\"elementor-row\">\n\t\t\t\t\t<div class=\"elementor-column elementor-col-50 elementor-top-column elementor-element elementor-element-beb2eba\" data-id=\"beb2eba\" data-element_type=\"column\">\n\t\t\t<div class=\"elementor-column-wrap elementor-element-populated\">\n\t\t\t\t\t\t\t<div class=\"elementor-widget-wrap\">\n\t\t\t\t\t\t<div class=\"elementor-element elementor-element-1e88cfa4 elementor-widget elementor-widget-heading\" data-id=\"1e88cfa4\" data-element_type=\"widget\" data-widget_type=\"heading.default\">\n\t\t\t\t<div class=\"elementor-widget-container\">\n\t\t\t<h2 class=\"elementor-heading-title elementor-size-default\">PRENEZ DES D\u00c9CISIONS \u00c9CLAIR\u00c9ES.<\/h2>\t\t<\/div>\n\t\t\t\t<\/div>\n\t\t\t\t<div class=\"elementor-element elementor-element-6d0abdc elementor-widget elementor-widget-heading\" data-id=\"6d0abdc\" data-element_type=\"widget\" data-widget_type=\"heading.default\">\n\t\t\t\t<div class=\"elementor-widget-container\">\n\t\t\t<h2 class=\"elementor-heading-title elementor-size-default\">Fusions et acquisitions, financement priv\u00e9, investissements, achats d\u2019actions ou d\u2019actifs, etc.\n<\/h2>\t\t<\/div>\n\t\t\t\t<\/div>\n\t\t\t\t<div class=\"elementor-element elementor-element-569983a elementor-widget elementor-widget-text-editor\" data-id=\"569983a\" data-element_type=\"widget\" data-widget_type=\"text-editor.default\">\n\t\t\t\t<div class=\"elementor-widget-container\">\n\t\t\t\t\t\t\t\t<div class=\"elementor-text-editor elementor-clearfix\">\n\t\t\t\t<p>Notre solution en mati\u00e8re de v\u00e9rification diligente vous permet d\u2019obtenir des renseignements actuels et historiques sur les soci\u00e9t\u00e9s, les entreprises et les particuliers partout au Canada, aux \u00c9tats-Unis et dans plusieurs autres pays.<\/p>\n\n<p>De plus, notre rapport de recherche avanc\u00e9e regroupe tous les r\u00e9sultats de vos recherches en un document unique, d\u00e9taill\u00e9, facile \u00e0 lire, \u00e0 transmettre et \u00e0 modifier. \u00c0 noter que nous offrons \u00e9galement des rapports par recherche.<\/p>\t\t\t\t\t<\/div>\n\t\t\t\t\t\t<\/div>\n\t\t\t\t<\/div>\n\t\t\t\t<div class=\"elementor-element elementor-element-11ad3a5 elementor-widget elementor-widget-heading\" data-id=\"11ad3a5\" data-element_type=\"widget\" data-widget_type=\"heading.default\">\n\t\t\t\t<div class=\"elementor-widget-container\">\n\t\t\t<h2 class=\"elementor-heading-title elementor-size-default\">Recherches de personnes morales et de noms commerciaux<\/h2>\t\t<\/div>\n\t\t\t\t<\/div>\n\t\t\t\t<div class=\"elementor-element elementor-element-d64e3ae elementor-widget elementor-widget-text-editor\" data-id=\"d64e3ae\" data-element_type=\"widget\" data-widget_type=\"text-editor.default\">\n\t\t\t\t<div class=\"elementor-widget-container\">\n\t\t\t\t\t\t\t\t<div class=\"elementor-text-editor elementor-clearfix\">\n\t\t\t\t<p>Cherchez de l\u2019information sur des personnes morales et des noms commerciaux dans les registres gouvernementaux accessibles au public du Canada et des \u00c9tats\u2011Unis. V\u00e9rifiez les renseignements de base sur des personnes morales et des noms commerciaux, notamment :<\/p>\t\t\t\t\t<\/div>\n\t\t\t\t\t\t<\/div>\n\t\t\t\t<\/div>\n\t\t\t\t<div class=\"elementor-element elementor-element-ab087cc elementor-widget elementor-widget-text-editor\" data-id=\"ab087cc\" data-element_type=\"widget\" data-widget_type=\"text-editor.default\">\n\t\t\t\t<div class=\"elementor-widget-container\">\n\t\t\t\t\t\t\t\t<div class=\"elementor-text-editor elementor-clearfix\">\n\t\t\t\t<ul>\n    <li>le statut et l\u2019existence;<\/li>\n    <li>le nom actuel et sa forme fran\u00e7aise;<\/li>\n    <li>les anciens noms ou les soci\u00e9t\u00e9s remplac\u00e9es;<\/li>\n    <li>les noms commerciaux connexes enregistr\u00e9s;<\/li>\n    <li>l\u2019adresse du si\u00e8ge social;<\/li>\n    <li>l\u2019information relative aux administrateurs et aux dirigeants;<\/li>\n    <li>l\u2019information relative aux documents d\u00e9pos\u00e9s.<\/li>\n<\/ul>\t\t\t\t\t<\/div>\n\t\t\t\t\t\t<\/div>\n\t\t\t\t<\/div>\n\t\t\t\t<div class=\"elementor-element elementor-element-08dabb8 elementor-widget elementor-widget-heading\" data-id=\"08dabb8\" data-element_type=\"widget\" data-widget_type=\"heading.default\">\n\t\t\t\t<div class=\"elementor-widget-container\">\n\t\t\t<h2 class=\"elementor-heading-title elementor-size-default\">Recherches relatives aux v\u00e9rifications diligentes<\/h2>\t\t<\/div>\n\t\t\t\t<\/div>\n\t\t\t\t<div class=\"elementor-element elementor-element-de338da elementor-widget elementor-widget-text-editor\" data-id=\"de338da\" data-element_type=\"widget\" data-widget_type=\"text-editor.default\">\n\t\t\t\t<div class=\"elementor-widget-container\">\n\t\t\t\t\t\t\t\t<div class=\"elementor-text-editor elementor-clearfix\">\n\t\t\t\t<p>Facilitez les op\u00e9rations comme les fusions et acquisitions, les op\u00e9rations de financement priv\u00e9es, les placements et les op\u00e9rations visant l\u2019achat d\u2019actifs en effectuant des recherches sur les v\u00e9rifications diligentes partout au Canada, entre autres des recherches relatives aux faillites, \u00e0 la Loi sur les s\u00fbret\u00e9s mobili\u00e8res, aux privil\u00e8ges, \u00e0 la Loi sur les banques, aux personnes morales et aux litiges.<\/p>\t\t\t\t\t<\/div>\n\t\t\t\t\t\t<\/div>\n\t\t\t\t<\/div>\n\t\t\t\t<div class=\"elementor-element elementor-element-9a883a4 elementor-widget elementor-widget-heading\" data-id=\"9a883a4\" data-element_type=\"widget\" data-widget_type=\"heading.default\">\n\t\t\t\t<div class=\"elementor-widget-container\">\n\t\t\t<h2 class=\"elementor-heading-title elementor-size-default\">Recherches immobili\u00e8res et recherches connexes<\/h2>\t\t<\/div>\n\t\t\t\t<\/div>\n\t\t\t\t<div class=\"elementor-element elementor-element-c8729f2 elementor-widget elementor-widget-text-editor\" data-id=\"c8729f2\" data-element_type=\"widget\" data-widget_type=\"text-editor.default\">\n\t\t\t\t<div class=\"elementor-widget-container\">\n\t\t\t\t\t\t\t\t<div class=\"elementor-text-editor elementor-clearfix\">\n\t\t\t\t<p>Recherchez des titres et des inscriptions dans les syst\u00e8mes de registre foncier partout au Canada. D\u00e9terminez la propri\u00e9t\u00e9 des terres et d\u00e9celez les charges inscrites sur le titre. Obtenez de l\u2019information relativement \u00e0 une adresse ou aux propri\u00e9taires actuels d\u2019un bien. D\u00e9terminez le statut et la nature du titre de propri\u00e9t\u00e9 que d\u00e9tient une personne morale sur des biens immeubles et v\u00e9rifiez si des charges, des hypoth\u00e8ques ou des s\u00fbret\u00e9s gr\u00e8vent les biens immeubles.<\/p>\t\t\t\t\t<\/div>\n\t\t\t\t\t\t<\/div>\n\t\t\t\t<\/div>\n\t\t\t\t<div class=\"elementor-element elementor-element-ab1dce9 elementor-widget elementor-widget-heading\" data-id=\"ab1dce9\" data-element_type=\"widget\" data-widget_type=\"heading.default\">\n\t\t\t\t<div class=\"elementor-widget-container\">\n\t\t\t<h2 class=\"elementor-heading-title elementor-size-default\">Recherches relatives au RDPRM, \u00e0 la LSM et \u00e0 l\u2019UCC<\/h2>\t\t<\/div>\n\t\t\t\t<\/div>\n\t\t\t\t<div class=\"elementor-element elementor-element-f2aaf0d elementor-widget elementor-widget-text-editor\" data-id=\"f2aaf0d\" data-element_type=\"widget\" data-widget_type=\"text-editor.default\">\n\t\t\t\t<div class=\"elementor-widget-container\">\n\t\t\t\t\t\t\t\t<div class=\"elementor-text-editor elementor-clearfix\">\n\t\t\t\t<p>Cherchez des privil\u00e8ges et des s\u00fbret\u00e9s partout au Canada et aux \u00c9tats\u2011Unis relativement \u00e0 des personnes morales, \u00e0 des noms commerciaux, \u00e0 des particuliers et \u00e0 des num\u00e9ros d\u2019identification de v\u00e9hicules automobiles. V\u00e9rifiez si le bien meuble d\u2019une entreprise ou d\u2019un particulier est grev\u00e9 d\u2019une charge et s\u2019il est garanti par la s\u00fbret\u00e9 du cr\u00e9ancier. Les rapports, d\u2019apparence tr\u00e8s professionnelle, sont marqu\u00e9s d\u2019un signet pour bien distinguer les bases de donn\u00e9es consult\u00e9es, ce qui facilite grandement leur analyse et leur compr\u00e9hension.<\/p>\t\t\t\t\t<\/div>\n\t\t\t\t\t\t<\/div>\n\t\t\t\t<\/div>\n\t\t\t\t<div class=\"elementor-element elementor-element-cf9ebf1 elementor-widget elementor-widget-heading\" data-id=\"cf9ebf1\" data-element_type=\"widget\" data-widget_type=\"heading.default\">\n\t\t\t\t<div class=\"elementor-widget-container\">\n\t\t\t<h2 class=\"elementor-heading-title elementor-size-default\">Recherches populaires<\/h2>\t\t<\/div>\n\t\t\t\t<\/div>\n\t\t\t\t<div class=\"elementor-element elementor-element-3fa536e elementor-widget elementor-widget-text-editor\" data-id=\"3fa536e\" data-element_type=\"widget\" data-widget_type=\"text-editor.default\">\n\t\t\t\t<div class=\"elementor-widget-container\">\n\t\t\t\t\t\t\t\t<div class=\"elementor-text-editor elementor-clearfix\">\n\t\t\t\t<ul class=\"dueDiliRight\"><li>\u2022 Recherches de profils de personnes morales\n\u2022 Recherches relatives \u00e0 la Loi sur les s\u00fbret\u00e9s mobili\u00e8res\n\u2022 Recherche de litiges\n\u2022 Recherche de faillites\n\u2022 Recherches relatives \u00e0 la Loi sur les banques\n\u2022 Recherches immobili\u00e8res\n\u2022 Recherches concernant l\u2019environnement<\/li><\/ul>\t\t\t\t\t<\/div>\n\t\t\t\t\t\t<\/div>\n\t\t\t\t<\/div>\n\t\t\t\t\t\t<\/div>\n\t\t\t\t\t<\/div>\n\t\t<\/div>\n\t\t\t\t<div class=\"elementor-column elementor-col-50 elementor-top-column elementor-element elementor-element-753daff5\" data-id=\"753daff5\" data-element_type=\"column\">\n\t\t\t<div class=\"elementor-column-wrap\">\n\t\t\t\t\t\t\t<div class=\"elementor-widget-wrap\">\n\t\t\t\t\t\t\t\t<\/div>\n\t\t\t\t\t<\/div>\n\t\t<\/div>\n\t\t\t\t\t\t\t\t<\/div>\n\t\t\t\t\t<\/div>\n\t\t<\/section>\n\t\t\t\t<section class=\"elementor-section elementor-top-section elementor-element elementor-element-107ef8b4 elementor-section-content-middle elementor-section-boxed elementor-section-height-default elementor-section-height-default\" data-id=\"107ef8b4\" data-element_type=\"section\" data-settings=\"{&quot;background_background&quot;:&quot;classic&quot;}\">\n\t\t\t\t\t\t<div class=\"elementor-container elementor-column-gap-default\">\n\t\t\t\t\t\t\t<div class=\"elementor-row\">\n\t\t\t\t\t<div class=\"elementor-column elementor-col-50 elementor-top-column elementor-element elementor-element-58d5ddf\" data-id=\"58d5ddf\" data-element_type=\"column\">\n\t\t\t<div class=\"elementor-column-wrap elementor-element-populated\">\n\t\t\t\t\t\t\t<div class=\"elementor-widget-wrap\">\n\t\t\t\t\t\t<div class=\"elementor-element elementor-element-3dfcc1b9 elementor-widget elementor-widget-heading\" data-id=\"3dfcc1b9\" data-element_type=\"widget\" data-widget_type=\"heading.default\">\n\t\t\t\t<div class=\"elementor-widget-container\">\n\t\t\t<h2 class=\"elementor-heading-title elementor-size-default\">Vous souhaitez simplifier l\u2019ex\u00e9cution de vos travaux? <\/h2>\t\t<\/div>\n\t\t\t\t<\/div>\n\t\t\t\t\t\t<\/div>\n\t\t\t\t\t<\/div>\n\t\t<\/div>\n\t\t\t\t<div class=\"elementor-column elementor-col-50 elementor-top-column elementor-element elementor-element-171e51da\" data-id=\"171e51da\" data-element_type=\"column\">\n\t\t\t<div class=\"elementor-column-wrap elementor-element-populated\">\n\t\t\t\t\t\t\t<div class=\"elementor-widget-wrap\">\n\t\t\t\t\t\t<div class=\"elementor-element elementor-element-6f34baf6 elementor-mobile-align-center elementor-widget__width-auto req_demo elementor-widget elementor-widget-button\" data-id=\"6f34baf6\" data-element_type=\"widget\" data-widget_type=\"button.default\">\n\t\t\t\t<div class=\"elementor-widget-container\">\n\t\t\t\t\t<div class=\"elementor-button-wrapper\">\n\t\t\t<a class=\"elementor-button elementor-size-sm\" role=\"button\">\n\t\t\t\t\t\t<span class=\"elementor-button-content-wrapper\">\n\t\t\t\t\t\t<span class=\"elementor-button-text\">Demandez une d\u00e9monstration<\/span>\n\t\t<\/span>\n\t\t\t\t\t<\/a>\n\t\t<\/div>\n\t\t\t\t<\/div>\n\t\t\t\t<\/div>\n\t\t\t\t\t\t<\/div>\n\t\t\t\t\t<\/div>\n\t\t<\/div>\n\t\t\t\t\t\t\t\t<\/div>\n\t\t\t\t\t<\/div>\n\t\t<\/section>\n\t\t\t\t<section class=\"elementor-section elementor-top-section elementor-element elementor-element-56d09d3 elementor-section-stretched elementor-section-content-middle elementor-section-boxed elementor-section-height-default elementor-section-height-default\" data-id=\"56d09d3\" data-element_type=\"section\" data-settings=\"{&quot;stretch_section&quot;:&quot;section-stretched&quot;}\">\n\t\t\t\t\t\t<div class=\"elementor-container elementor-column-gap-default\">\n\t\t\t\t\t\t\t<div class=\"elementor-row\">\n\t\t\t\t\t<div class=\"elementor-column elementor-col-50 elementor-top-column elementor-element elementor-element-5bb8e94b\" data-id=\"5bb8e94b\" data-element_type=\"column\">\n\t\t\t<div class=\"elementor-column-wrap elementor-element-populated\">\n\t\t\t\t\t\t\t<div class=\"elementor-widget-wrap\">\n\t\t\t\t\t\t<div class=\"elementor-element elementor-element-4cd67f62 elementor-widget elementor-widget-heading\" data-id=\"4cd67f62\" data-element_type=\"widget\" data-widget_type=\"heading.default\">\n\t\t\t\t<div class=\"elementor-widget-container\">\n\t\t\t<p class=\"elementor-heading-title elementor-size-default\">Ces services sont offerts partout au Canada, aux \u00c9tats-Unis et dans plusieurs autres pays.<\/p>\t\t<\/div>\n\t\t\t\t<\/div>\n\t\t\t\t<div class=\"elementor-element elementor-element-213b4df9 extra-services-link elementor-widget elementor-widget-heading\" data-id=\"213b4df9\" data-element_type=\"widget\" data-widget_type=\"heading.default\">\n\t\t\t\t<div class=\"elementor-widget-container\">\n\t\t\t<h2 class=\"elementor-heading-title elementor-size-default\"><a href=\"https:\/\/marquedor.com\/fr\/services\/extra-provincial-services\/\">Services extra-provinciaux<\/a><\/h2>\t\t<\/div>\n\t\t\t\t<\/div>\n\t\t\t\t\t\t<\/div>\n\t\t\t\t\t<\/div>\n\t\t<\/div>\n\t\t\t\t<div class=\"elementor-column elementor-col-50 elementor-top-column elementor-element elementor-element-128465ce\" data-id=\"128465ce\" data-element_type=\"column\">\n\t\t\t<div class=\"elementor-column-wrap elementor-element-populated\">\n\t\t\t\t\t\t\t<div class=\"elementor-widget-wrap\">\n\t\t\t\t\t\t<div class=\"elementor-element elementor-element-7362cf91 elementor-widget__width-auto elementor-widget elementor-widget-image\" data-id=\"7362cf91\" data-element_type=\"widget\" data-widget_type=\"image.default\">\n\t\t\t\t<div class=\"elementor-widget-container\">\n\t\t\t\t\t\t\t\t<div class=\"elementor-image\">\n\t\t\t\t\t\t\t\t\t\t\t\t<img width=\"419\" height=\"259\" src=\"https:\/\/marquedor.com\/wp-content\/uploads\/2022\/03\/laptop_globe_icon_recolored.png\" class=\"attachment-large size-large\" alt=\"laptop icon\" loading=\"lazy\" srcset=\"https:\/\/marquedor.com\/wp-content\/uploads\/2022\/03\/laptop_globe_icon_recolored.png 419w, https:\/\/marquedor.com\/wp-content\/uploads\/2022\/03\/laptop_globe_icon_recolored-300x185.png 300w, https:\/\/marquedor.com\/wp-content\/uploads\/2022\/03\/laptop_globe_icon_recolored-18x12.png 18w\" sizes=\"(max-width: 419px) 100vw, 419px\" \/>\t\t\t\t\t\t\t\t\t\t\t\t\t\t<\/div>\n\t\t\t\t\t\t<\/div>\n\t\t\t\t<\/div>\n\t\t\t\t\t\t<\/div>\n\t\t\t\t\t<\/div>\n\t\t<\/div>\n\t\t\t\t\t\t\t\t<\/div>\n\t\t\t\t\t<\/div>\n\t\t<\/section>\n\t\t\t\t\t\t\t\t\t<\/div>\n\t\t\t<\/div>\n\t\t\t\t\t<\/div>","protected":false},"excerpt":{"rendered":"<p>Due Diligence Login Make informed decisions. Mergers and acquisitions, private financings, investments, share and asset purchases, etc. Our due diligence services help you obtain current and historical information about corporations, businesses and individuals across Canada, the United States and in many other countries. In addition, our advanced search report brings together all of your search [&hellip;]<\/p>","protected":false},"author":5,"featured_media":0,"parent":66,"menu_order":0,"comment_status":"closed","ping_status":"closed","template":"elementor_header_footer","meta":[],"yoast_head":"<!-- This site is optimized with the Yoast SEO plugin v19.3 - https:\/\/yoast.com\/wordpress\/plugins\/seo\/ -->\n<title>Due Diligence - Marque D&#039;or<\/title>\n<meta name=\"robots\" content=\"noindex, follow, max-snippet:-1, max-image-preview:large, max-video-preview:-1\" \/>\n<meta property=\"og:locale\" content=\"fr_CA\" \/>\n<meta property=\"og:type\" content=\"article\" \/>\n<meta property=\"og:title\" content=\"Due Diligence - Marque D&#039;or\" \/>\n<meta property=\"og:description\" content=\"Due Diligence Login Make informed decisions. Mergers and acquisitions, private financings, investments, share and asset purchases, etc. Our due diligence services help you obtain current and historical information about corporations, businesses and individuals across Canada, the United States and in many other countries. In addition, our advanced search report brings together all of your search [&hellip;]\" \/>\n<meta property=\"og:url\" content=\"https:\/\/marquedor.com\/fr\/services\/due-diligence\/\" \/>\n<meta property=\"og:site_name\" content=\"Marque D&#039;or\" \/>\n<meta property=\"article:modified_time\" content=\"2022-07-29T07:55:22+00:00\" \/>\n<meta property=\"og:image\" content=\"https:\/\/marquedor.com\/wp-content\/uploads\/2022\/03\/laptop_globe_icon_recolored.png\" \/>\n<meta name=\"twitter:card\" content=\"summary_large_image\" \/>\n<meta name=\"twitter:label1\" content=\"Estimation du temps de lecture\" \/>\n\t<meta name=\"twitter:data1\" content=\"2 minutes\" \/>\n<script type=\"application\/ld+json\" class=\"yoast-schema-graph\">{\"@context\":\"https:\/\/schema.org\",\"@graph\":[{\"@type\":\"WebSite\",\"@id\":\"https:\/\/marquedor.com\/#website\",\"url\":\"https:\/\/marquedor.com\/\",\"name\":\"Marque D&#039;or\",\"description\":\"\",\"potentialAction\":[{\"@type\":\"SearchAction\",\"target\":{\"@type\":\"EntryPoint\",\"urlTemplate\":\"https:\/\/marquedor.com\/?s={search_term_string}\"},\"query-input\":\"required name=search_term_string\"}],\"inLanguage\":\"fr-CA\"},{\"@type\":\"ImageObject\",\"inLanguage\":\"fr-CA\",\"@id\":\"https:\/\/marquedor.com\/services\/due-diligence\/#primaryimage\",\"url\":\"https:\/\/marquedor.com\/wp-content\/uploads\/2022\/03\/laptop_globe_icon_recolored.png\",\"contentUrl\":\"https:\/\/marquedor.com\/wp-content\/uploads\/2022\/03\/laptop_globe_icon_recolored.png\",\"width\":419,\"height\":259,\"caption\":\"laptop icon\"},{\"@type\":\"WebPage\",\"@id\":\"https:\/\/marquedor.com\/services\/due-diligence\/\",\"url\":\"https:\/\/marquedor.com\/services\/due-diligence\/\",\"name\":\"Due Diligence - Marque D&#039;or\",\"isPartOf\":{\"@id\":\"https:\/\/marquedor.com\/#website\"},\"primaryImageOfPage\":{\"@id\":\"https:\/\/marquedor.com\/services\/due-diligence\/#primaryimage\"},\"datePublished\":\"2020-02-25T19:25:39+00:00\",\"dateModified\":\"2022-07-29T07:55:22+00:00\",\"breadcrumb\":{\"@id\":\"https:\/\/marquedor.com\/services\/due-diligence\/#breadcrumb\"},\"inLanguage\":\"fr-CA\",\"potentialAction\":[{\"@type\":\"ReadAction\",\"target\":[\"https:\/\/marquedor.com\/services\/due-diligence\/\"]}]},{\"@type\":\"BreadcrumbList\",\"@id\":\"https:\/\/marquedor.com\/services\/due-diligence\/#breadcrumb\",\"itemListElement\":[{\"@type\":\"ListItem\",\"position\":1,\"name\":\"Home\",\"item\":\"https:\/\/marquedor.com\/\"},{\"@type\":\"ListItem\",\"position\":2,\"name\":\"Services\",\"item\":\"https:\/\/marquedor.com\/?page_id=66\"},{\"@type\":\"ListItem\",\"position\":3,\"name\":\"Due Diligence\"}]}]}<\/script>\n<!-- \/ Yoast SEO plugin. -->","yoast_head_json":{"title":"Due Diligence - Marque D&#039;or","robots":{"index":"noindex","follow":"follow","max-snippet":"max-snippet:-1","max-image-preview":"max-image-preview:large","max-video-preview":"max-video-preview:-1"},"og_locale":"fr_CA","og_type":"article","og_title":"Due Diligence - Marque D&#039;or","og_description":"Due Diligence Login Make informed decisions. Mergers and acquisitions, private financings, investments, share and asset purchases, etc. Our due diligence services help you obtain current and historical information about corporations, businesses and individuals across Canada, the United States and in many other countries. In addition, our advanced search report brings together all of your search [&hellip;]","og_url":"https:\/\/marquedor.com\/fr\/services\/due-diligence\/","og_site_name":"Marque D&#039;or","article_modified_time":"2022-07-29T07:55:22+00:00","og_image":[{"url":"https:\/\/marquedor.com\/wp-content\/uploads\/2022\/03\/laptop_globe_icon_recolored.png"}],"twitter_card":"summary_large_image","twitter_misc":{"Estimation du temps de lecture":"2 minutes"},"schema":{"@context":"https:\/\/schema.org","@graph":[{"@type":"WebSite","@id":"https:\/\/marquedor.com\/#website","url":"https:\/\/marquedor.com\/","name":"Marque D&#039;or","description":"","potentialAction":[{"@type":"SearchAction","target":{"@type":"EntryPoint","urlTemplate":"https:\/\/marquedor.com\/?s={search_term_string}"},"query-input":"required name=search_term_string"}],"inLanguage":"fr-CA"},{"@type":"ImageObject","inLanguage":"fr-CA","@id":"https:\/\/marquedor.com\/services\/due-diligence\/#primaryimage","url":"https:\/\/marquedor.com\/wp-content\/uploads\/2022\/03\/laptop_globe_icon_recolored.png","contentUrl":"https:\/\/marquedor.com\/wp-content\/uploads\/2022\/03\/laptop_globe_icon_recolored.png","width":419,"height":259,"caption":"laptop icon"},{"@type":"WebPage","@id":"https:\/\/marquedor.com\/services\/due-diligence\/","url":"https:\/\/marquedor.com\/services\/due-diligence\/","name":"Due Diligence - Marque D&#039;or","isPartOf":{"@id":"https:\/\/marquedor.com\/#website"},"primaryImageOfPage":{"@id":"https:\/\/marquedor.com\/services\/due-diligence\/#primaryimage"},"datePublished":"2020-02-25T19:25:39+00:00","dateModified":"2022-07-29T07:55:22+00:00","breadcrumb":{"@id":"https:\/\/marquedor.com\/services\/due-diligence\/#breadcrumb"},"inLanguage":"fr-CA","potentialAction":[{"@type":"ReadAction","target":["https:\/\/marquedor.com\/services\/due-diligence\/"]}]},{"@type":"BreadcrumbList","@id":"https:\/\/marquedor.com\/services\/due-diligence\/#breadcrumb","itemListElement":[{"@type":"ListItem","position":1,"name":"Home","item":"https:\/\/marquedor.com\/"},{"@type":"ListItem","position":2,"name":"Services","item":"https:\/\/marquedor.com\/?page_id=66"},{"@type":"ListItem","position":3,"name":"Due Diligence"}]}]}},"_links":{"self":[{"href":"https:\/\/marquedor.com\/fr\/wp-json\/wp\/v2\/pages\/1245"}],"collection":[{"href":"https:\/\/marquedor.com\/fr\/wp-json\/wp\/v2\/pages"}],"about":[{"href":"https:\/\/marquedor.com\/fr\/wp-json\/wp\/v2\/types\/page"}],"author":[{"embeddable":true,"href":"https:\/\/marquedor.com\/fr\/wp-json\/wp\/v2\/users\/5"}],"replies":[{"embeddable":true,"href":"https:\/\/marquedor.com\/fr\/wp-json\/wp\/v2\/comments?post=1245"}],"version-history":[{"count":0,"href":"https:\/\/marquedor.com\/fr\/wp-json\/wp\/v2\/pages\/1245\/revisions"}],"up":[{"embeddable":true,"href":"https:\/\/marquedor.com\/fr\/wp-json\/wp\/v2\/pages\/66"}],"wp:attachment":[{"href":"https:\/\/marquedor.com\/fr\/wp-json\/wp\/v2\/media?parent=1245"}],"curies":[{"name":"wp","href":"https:\/\/api.w.org\/{rel}","templated":true}]}}